{"id":2496,"date":"2024-03-13T15:33:03","date_gmt":"2024-03-13T15:33:03","guid":{"rendered":"https:\/\/www.arphenotype.com\/?page_id=2496"},"modified":"2024-03-14T07:30:16","modified_gmt":"2024-03-14T07:30:16","slug":"publications","status":"publish","type":"page","link":"https:\/\/www.arphenotype.com\/?page_id=2496","title":{"rendered":"Publications"},"content":{"rendered":"\n<p>\u00a0<\/p>\n<p><span style=\"font-size: 28px;\"><b>Books &amp; Proceedings as Editor<\/b><\/span><\/p>\n<p><b>2023<\/b> <b>Koering, D.; Sommeregger, E.; Ja\u0304kobsone, L.; Traumane, M.; Suhanova, D. <\/b><i>(BUILDING) NEW PERSPECTIVES through Practice- led Research in Art, Design and Architecture<\/i> Proceedings of the international symposium, Nov. 10-11 2022<span class=\"Apple-converted-space\">\u00a0<\/span>ISBN: 978 9934 630 13 2<\/p>\n<p><b>2020<\/b> <b>Koering, D. &amp; Werner, L.C.<\/b> <i>eCAADe 2020 conference proceedings: Volume 1: Anthropologic Architecture and Fabrication in the cognitive age. <\/i>ISBN 949 1207 202<\/p>\n<p><b>2020<\/b> <b>Koering, D. &amp; Werner, L.C.<\/b> <i>eCAADe 2020 conference proceedings: Volume 2: Anthropologic Architecture and Fabrication in the cognitive age. <\/i>ISBN 949 1207 210<\/p>\n<p><b>2018<\/b> <b>Koering, D.<\/b> <i>Conscious city laboratory: Explorations in the history of computation, cybernetics, and architecture; foresight for artificial intelligence and human participation within cities. <\/i>[Doctoral dissertation, Technische Universit\u00e4t Berlin]. DepositOnce: Technische Universit\u00e4t Berlin.<span class=\"Apple-converted-space\"> \u00a0<\/span>DOI: https:\/\/doi.org\/10.14279\/depositonce-8466.<\/p>\n<p>\u00a0<\/p>\n<p><span style=\"font-size: 28px;\"><b>Peer Reviewed Journals &amp; Proceedings<\/b><\/span><\/p>\n<p><b>2023 Koering, D.; Sommeregger, E., Muehl, S.<\/b> <i>Probing the Digital. Cyborgs, Avatars, and AI. <\/i>Transcription of Podcast with Sorgner, S., Ries, M., Popolitova in Riga Technoculture Research Unit RTRU Season 2: BETWEENNESS, December 2023.<\/p>\n<p><b>2023 Koering, D.; Sommeregger, E.<\/b> <i>Vessels for new Digital Landscapes.<\/i> In Proceedings (BUILDING) NEW PERSPECTIVES through Practice- led Research in Art, Design and Architecture Proceedings of the international symposium, Nov. 10-11 2022.<span class=\"Apple-converted-space\"> <br \/><\/span><\/p>\n<p><b>2023 Koering, D.<\/b><i> Exploring the human-AI nexus: A friendly dispute between second-order cybernetical ethical thinking and questions of AI ethics.<\/i> Enacting Cybernetics,1(1): Article 5.<span class=\"Apple-converted-space\">\u00a0<\/span>DOI: https:\/\/doi.org\/10.58695\/ec.4.<\/p>\n<p><b>2021 Koering, D.<\/b> <i>What we should have learned from Cybersyn: An epistemological view on the socialist approach of Cybersyn in respective of Industry 4.0.<\/i> In B.Vassileva, &amp; M. Zwilling, Responsible AI and ethical issues for businesses and governments (pp. 68\u201379). IGI Global.<span class=\"Apple-converted-space\">\u00a0<\/span>DOI: https:\/\/doi.org\/10.4018\/978-1-7998-4285-9.ch005.<\/p>\n<p><b>2018 Koering, D.<\/b> T<i>he Technobody: An animatronic artefact as manifestation of second-order cybernetics.<\/i> In Annual convention of the Society for the Study of Artificial Intelligence and the Simulation of Behaviour (AISB 2018): Liverpool, United Kingdom 4\u20136 April 2018. Society for the Study of Artificial Intelligence &amp; Simulation of Behaviour; Curran Associates.<span class=\"Apple-converted-space\"> \u00a0<\/span>https:\/\/www.proceedings.com\/41519.html.<\/p>\n<p><b>2015 Koering, D.<\/b> V<i>irtual Extended Phenotypes and the Technobody<\/i> in Silverlinings Symposium Catalogue by Eva Sommeregger and Florian Schafschetzy. Breite Gasse Publishing, pp. 63-68. ISBN 978 3 9504111 0 2<span class=\"Apple-converted-space\">. <br \/><\/span><\/p>\n<p><b>2014 van Dam, K. H.; Koering, D.; Bustos-TUro, G.; Jones, H.<\/b> <i>Agent-based simulation as an urban design tool &#8211; Iterative evaluation of a smart city masterplan.<\/i> Fifth Annual Digital Economy All Hands Meeting, 3-5 December, 2014, London, UK.<\/p>\n<p><b>2014 Koering, D.<\/b><span class=\"Apple-converted-space\">\u00a0 <\/span><i>In Humanity\u2019s Machine &#8211; The Centrifugal Governor.<\/i> In Energielandschaften gestalten &#8211; Leitlinien und Beispiele f\u00fcr B\u00fcrgerpartizipation. Symposium 30.09-2.10.2013 in Naumburg\/Saale by Inge Gotzmann. pp. 217-225. ISBN 978 3 925374 37 1.<\/p>\n<p><b>2013 Koering, D.; Schulz, J.; Hanses, K.<\/b>\u00a0S<i>mart City Concepts \u2013 Konzepte f\u00fcr den energetischen Stadtumbau am Beispiel K\u00f6ln<\/i>, <strong>Hrsg. Jochen Siegemund<\/strong>, Publisher AVedition GmbH Ludwigsburg. ISBN 978 3 89986 187 7.<\/p>\n<p><b>2012 Koering, D.<\/b>\u00a0<i>Floating Permaculture<\/i> in KERB 20 Speculative Stories: Narratives in Landscape Architecture, Publisher Melbourne Book, pp. 104-105. ISBN 978 1 922129 01 7.<\/p>\n<p>\u00a0<\/p>\n<p><span style=\"font-size: 28px;\"><b>Architectural projects in specialist literature<\/b><\/span><\/p>\n<p><strong>2024\/01 Koering, D.<\/strong> <span class=\"break-words\n      \"><span dir=\"ltr\"><em>Die Rolle der K\u00fcnstlichen Intelligenz in Planungs- und Bauprozessen: Erkenntnisse aus dem Fokusgespr\u00e4ch KI<\/em> (The role of artificial intelligence in planning and construction processes: Insights from the Focus Talk AI)<\/span><\/span> Conference Report in DAB Deutsches Architektenblatt 01-2024.<\/p>\n<p><strong>2023\/01 Koering, D. &amp; Sommeregger, E.<\/strong> in \u201elatvijas architektura\u201c Nr. 164 (1) 2023 by Dina Suhonova, Riga, Latvia, p.46.<\/p>\n<p><strong>2022\/12 Sommeregger, E., Koering, D., J\u0101kobsone, L., Suhanova, D. and Traumane, M. B\u016bv\u0113jot<\/strong> jaunus skatpunktus. Atskats uz LMDA simpoziju. Published on FOLD, 9 Dec. 2022.<\/p>\n<p><strong>2016\/02<\/strong> New Panel Layout for Competition 2 DAMDI Publishing South Korea ISBN 978-8968010439.<span class=\"Apple-converted-space\"> <br \/><\/span><\/p>\n<p><strong>2014\/06<\/strong> Zukunftsaufgabe Energieversorgung: Aus Politik wird Planung \u2013 by Architects Chamber NRW, Interview Pages 60-63<span class=\"Apple-converted-space\">.<\/span><\/p>\n<p><strong>2014\/06<\/strong> Urban Blur by Despoina Zavraka ,Article \u201c In the mountains re- visited\u201d \/ ISBN 978 960 88610 8 4 \/ CND Publishers, Greece<span class=\"Apple-converted-space\">.<\/span><\/p>\n<p><strong>2013\/06<\/strong> Der Architekt, magazine of the BDA Germany, article \u201cTeil des Systems\u201d \/ Pages 12-13.<span class=\"Apple-converted-space\"> <br \/><\/span><\/p>\n<p><strong>2013\/06<\/strong> Architects Notebook \u2013 The treasure House of Idea by DAMDI South Korea ISBN 978 89 6801 022 4.<span class=\"Apple-converted-space\"> <br \/><\/span><\/p>\n<p><strong>2012\/09<\/strong> ACE \u2013 Artpower, Creative Space Magazine , \u201cA cool Vision to Transmission tower\u201d pages 158-159, by Dalian university of technology, China. ISBN 978 7 89437 025 9.<span class=\"Apple-converted-space\"> <br \/><\/span><\/p>\n<p><strong>2012\/06<\/strong> New Panel Layout for competition by DAMDI South Korea. ISBN 978 89 91111 83 7.<span class=\"Apple-converted-space\"> <br \/><\/span><\/p>\n<p><strong>2011\/09<\/strong> Vegetecture by Maurizio Corrado &amp; Riccardo Dalisi, Article &amp; Project \u201cFloating Permaculture\u201d \/ ISBN 978 88 513 0698 4 \/<span class=\"Apple-converted-space\">\u00a0<\/span>Sistemi Editoriali, Italy.<span class=\"Apple-converted-space\"> <br \/><\/span><\/p>\n<p><strong>2011<\/strong> Tomorrows World, incl. selected projects from Arphenotype. \/<span class=\"Apple-converted-space\">\u00a0<\/span>ISBN 978 94 60650 57 4, BooQs Publishers bvba, LOFT<span class=\"Apple-converted-space\">\u00a0<\/span>Publications, Barcelona, Spain.<span class=\"Apple-converted-space\"> <br \/><\/span><\/p>\n<p><strong>2010\/06<\/strong> Spontaneous Schooling by NOUS Gallery (with .horhizon)<span class=\"Apple-converted-space\">\u00a0<\/span>ISBN 978 0 9566358 0 8.<span class=\"Apple-converted-space\"> <br \/><\/span><\/p>\n<p><strong>2010\/01<\/strong> A10 New European Architecture \u201eFloating Permaculture\u201c \/ Jan-Feb 2010 page 12 \/ Amsterdam, Netherlands.<span class=\"Apple-converted-space\"> <br \/><\/span><\/p>\n<p><strong>2009<\/strong> Green Style \/ Loft Publications ISBN 978-94-60650-09-3 \/ Barcelona, Spain. <br \/><strong>2009\/11<\/strong> Magazine \/ Dec-Jan 2010 page 94-95 \/ Cairo, Egypt 2009\/10 DDW Trendbook 09 \/ Eindhoven, Netherlands ISBN 9789490395018.<span class=\"Apple-converted-space\">\u00a0 <\/span><br \/><strong>2008<\/strong> VITRA Catalogue Workspirit 11 \/ page 12-14; 18-19 \/ collab. with Tobias Klein.<span class=\"Apple-converted-space\"> <br \/><\/span><\/p>\n<p><strong>2008<\/strong> DiStasio Exhibition Catalogue \/ ISBN 978-1-921026-02-7 \/ Victoria, Australia<span class=\"Apple-converted-space\">.<\/span><\/p>\n<p><strong>2008<\/strong> Selection Report \u201ctransmissionlinetowers comp\u201d \/ 16.04.08 page 75 \/ Reykjavik, Iceland.<span class=\"Apple-converted-space\"> <br \/><\/span><\/p>\n<p>\u00a0<\/p>\n<p><span style=\"font-size: 28px;\"><b>Interviews &amp; Podcasts<\/b><\/span><\/p>\n<p><strong>2023 Koering, D., Sommeregger, E., Muehl, S.<\/strong>, Probing the Digital: Cyborgs, Avatars and AI (Stefan Lorenz Sorgner, Marc Ries, Darja Popolitova) [Audio podcast]. Spotify https:\/\/open.spotify.com.<\/p>\n<p><strong>2023 Marthe, S<\/strong>. Interview: <strong>Dr. Dietmar K\u00f6ring<\/strong>. Baunetzwoche 622, pp. 9-12. Heinze GmbH, NL Berlin, BauNetz.<span class=\"Apple-converted-space\">\u00a0<\/span><\/p>\n<p><a href=\"https:\/\/www.baunetz.de\/baunetzwoche\/baunetzwoche_ausgabe_8266279.html\" target=\"_blank\" rel=\"noopener\">https:\/\/www.baunetz.de\/baunetzwoche\/baunetzwoche_ausgabe_8266279.html<\/a><\/p>\n<p><strong>2022 May, S. and Bickenbach,<\/strong> W. Baustelle Zukunft: K\u00fcnstliche Intelligenz &amp; Architektur: Ben\u00f6tigen wir noch Architekt:innen und Planer:innen? (<strong>Dr. Dietmar K\u00f6ring<\/strong> &amp; Laurent Br\u00fcckner) [Audio podcast]. Zeppelin Lab Berlin.<span class=\"Apple-converted-space\">\u00a0<\/span><\/p>\n<p><a href=\"https:\/\/z-lab.com\/baustelle-zukunft\/podcast\/\" target=\"_blank\" rel=\"noopener\">https:\/\/z-lab.com\/baustelle-zukunft\/podcast\/<\/a><\/p>\n<p>\u00a0<\/p>\n<p><span style=\"font-size: 28px;\"><b>Articles, interviews etc. in magazines (selection)<\/b><\/span><\/p>\n<p><strong>2014\/11<\/strong> \u00a0 Magazine Discover Germany Issue 21 \u2013 Special Theme \u201cTop German Architects\u201d \u2013 Arphenotype pages 46-47 ISSN 2051-7718.<\/p>\n<p><strong>2012\/05<\/strong> B1 Magazine, documentary of Arphenotype, Pages 132-137\/ Be One Magazine Bangkok, Thailand 2009\/11D-Lux \/ Nr.6-09 page 107 \/ Milano, Italy.<\/p>\n<p><strong>2009\/09<\/strong> Esquire+Arch \/ Nov 09 page 29 \/ Taipei, Taiwan.<span class=\"Apple-converted-space\"> <br \/><\/span><\/p>\n<p><strong>2009\/06<\/strong> Panorama Newspaper \/ Year 1 Nr.2 June page 21 \/ Madrid, Spain.<\/p>\n<p><strong>2004<\/strong> Koelner Wochenspiegel \u201eNeuer Kirchturm in der Severeinsstra\u00dfe\u201c\/ 3rd Nov. 2004 \u2013 Cover + Story \/ collab. with R.Schwermer \/ Koeln, Germany.<span class=\"Apple-converted-space\"> <br \/><\/span><\/p>\n<p><strong>2004<\/strong> Elle Decor \u201eWinner Green Tent Competition\u201c\/ Nov. 04 \/ collab. with R.Schwermer \/ Moscow, Russia.<span class=\"Apple-converted-space\"> <br \/><\/span><\/p>\n<p><strong>2004<\/strong> Casamica \u201eWinner Green Tent Competition\u201c \/ October 2004 page 37 \/ collab. with R.Schwermer \/ Milano, Italy.<span class=\"Apple-converted-space\"> <br \/><\/span><\/p>\n<p><strong>2004<\/strong> LA Times \u201eWinner Green Tent Competition\u201c<span class=\"Apple-converted-space\">\u00a0 <\/span>\/ 3rd October 04 \/ collab. with R.Schwermer \/ Los Angeles, USA.<\/p>\n","protected":false},"excerpt":{"rendered":"","protected":false},"author":1,"featured_media":0,"parent":0,"menu_order":0,"comment_status":"closed","ping_status":"closed","template":"","meta":{"footnotes":""},"class_list":["post-2496","page","type-page","status-publish","hentry"],"_links":{"self":[{"href":"https:\/\/www.arphenotype.com\/index.php?rest_route=\/wp\/v2\/pages\/2496"}],"collection":[{"href":"https:\/\/www.arphenotype.com\/index.php?rest_route=\/wp\/v2\/pages"}],"about":[{"href":"https:\/\/www.arphenotype.com\/index.php?rest_route=\/wp\/v2\/types\/page"}],"author":[{"embeddable":true,"href":"https:\/\/www.arphenotype.com\/index.php?rest_route=\/wp\/v2\/users\/1"}],"replies":[{"embeddable":true,"href":"https:\/\/www.arphenotype.com\/index.php?rest_route=%2Fwp%2Fv2%2Fcomments&post=2496"}],"version-history":[{"count":0,"href":"https:\/\/www.arphenotype.com\/index.php?rest_route=\/wp\/v2\/pages\/2496\/revisions"}],"wp:attachment":[{"href":"https:\/\/www.arphenotype.com\/index.php?rest_route=%2Fwp%2Fv2%2Fmedia&parent=2496"}],"curies":[{"name":"wp","href":"https:\/\/api.w.org\/{rel}","templated":true}]}}